{"id":5888,"date":"2025-10-07T00:13:47","date_gmt":"2025-10-06T17:13:47","guid":{"rendered":"https:\/\/visante.vn\/?post_type=product&#038;p=5888"},"modified":"2025-10-07T00:20:34","modified_gmt":"2025-10-06T17:20:34","slug":"shampoo-and-conditioner-combo-for-oily-scalp-and-dandruff-500ml-sao-chep-sao-chep-sao-chep-sao-chep-sao-chep","status":"publish","type":"product","link":"https:\/\/visante.vn\/en\/shampoo-and-conditioner-combo-for-oily-scalp-and-dandruff-500ml-sao-chep-sao-chep-sao-chep-sao-chep-sao-chep\/","title":{"rendered":"Shampoo and Conditioner Combo for Oily Scalp and Dandruff &#8211; 500ml (Sao ch\u00e9p) (Sao ch\u00e9p) (Sao ch\u00e9p) (Sao ch\u00e9p) (Sao ch\u00e9p)"},"content":{"rendered":"","protected":false},"excerpt":{"rendered":"<p>&nbsp;<\/p>\n<div id=\"eJOY__extension_root\" class=\"eJOY__extension_root_class\" style=\"all: unset;\">\u00a0<\/div>\n","protected":false},"featured_media":5900,"comment_status":"open","ping_status":"closed","template":"","meta":[],"product_cat":[74,72],"product_tag":[],"acf":[],"_links":{"self":[{"href":"https:\/\/visante.vn\/en\/wp-json\/wp\/v2\/product\/5888"}],"collection":[{"href":"https:\/\/visante.vn\/en\/wp-json\/wp\/v2\/product"}],"about":[{"href":"https:\/\/visante.vn\/en\/wp-json\/wp\/v2\/types\/product"}],"replies":[{"embeddable":true,"href":"https:\/\/visante.vn\/en\/wp-json\/wp\/v2\/comments?post=5888"}],"wp:featuredmedia":[{"embeddable":true,"href":"https:\/\/visante.vn\/en\/wp-json\/wp\/v2\/media\/5900"}],"wp:attachment":[{"href":"https:\/\/visante.vn\/en\/wp-json\/wp\/v2\/media?parent=5888"}],"wp:term":[{"taxonomy":"product_cat","embeddable":true,"href":"https:\/\/visante.vn\/en\/wp-json\/wp\/v2\/product_cat?post=5888"},{"taxonomy":"product_tag","embeddable":true,"href":"https:\/\/visante.vn\/en\/wp-json\/wp\/v2\/product_tag?post=5888"}],"curies":[{"name":"wp","href":"https:\/\/api.w.org\/{rel}","templated":true}]}}