{"id":2458,"date":"2024-06-21T15:36:26","date_gmt":"2024-06-21T08:36:26","guid":{"rendered":"https:\/\/visante.vn\/?post_type=product&#038;p=2458"},"modified":"2024-10-23T09:00:37","modified_gmt":"2024-10-23T02:00:37","slug":"tay-te-bao-chet-da-dau-thao-duoc-lam-sach-sau-giam-bit-tac","status":"publish","type":"product","link":"https:\/\/visante.vn\/en\/herbal-scalp-scrub-for-deep-cleansing-and-pore-refinement-150g-tube\/","title":{"rendered":"Herbal Scalp Scrub for Deep Cleansing and Pore Refinement &#8211; 150g Tube"},"content":{"rendered":"","protected":false},"excerpt":{"rendered":"<p><b>T\u1ea9y t\u1ebf b\u00e0o ch\u1ebft da \u0111\u1ea7u th\u1ea3o d\u01b0\u1ee3c\u00a0<\/b>c\u1ee7a visante gi\u00fap lo\u1ea1i b\u1ecf c\u00e1c t\u1ebf b\u00e0o ch\u1ebft nh\u1eb9 nh\u00e0ng, l\u00e0m s\u1ea1ch s\u00e2u, gi\u1ea3m b\u00edt t\u1eafc ch\u00e2n t\u00f3c, th\u00f4ng tho\u00e1ng da \u0111\u1ea7u; gi\u00fap ng\u0103n ng\u1eeba g\u00e0u, gi\u1ea3m t\u00ecnh tr\u1ea1ng ng\u1ee9a da \u0111\u1ea7u, gi\u1ea3m g\u00e3y r\u1ee5ng, gi\u00fap t\u00f3c ch\u1eafc kh\u1ecfe h\u01a1n.<\/p>\n<div id=\"eJOY__extension_root\" class=\"eJOY__extension_root_class\" style=\"all: unset;\">\u00a0<\/div>\n","protected":false},"featured_media":6319,"comment_status":"open","ping_status":"closed","template":"","meta":[],"product_cat":[73],"product_tag":[],"acf":[],"_links":{"self":[{"href":"https:\/\/visante.vn\/en\/wp-json\/wp\/v2\/product\/2458"}],"collection":[{"href":"https:\/\/visante.vn\/en\/wp-json\/wp\/v2\/product"}],"about":[{"href":"https:\/\/visante.vn\/en\/wp-json\/wp\/v2\/types\/product"}],"replies":[{"embeddable":true,"href":"https:\/\/visante.vn\/en\/wp-json\/wp\/v2\/comments?post=2458"}],"wp:featuredmedia":[{"embeddable":true,"href":"https:\/\/visante.vn\/en\/wp-json\/wp\/v2\/media\/6319"}],"wp:attachment":[{"href":"https:\/\/visante.vn\/en\/wp-json\/wp\/v2\/media?parent=2458"}],"wp:term":[{"taxonomy":"product_cat","embeddable":true,"href":"https:\/\/visante.vn\/en\/wp-json\/wp\/v2\/product_cat?post=2458"},{"taxonomy":"product_tag","embeddable":true,"href":"https:\/\/visante.vn\/en\/wp-json\/wp\/v2\/product_tag?post=2458"}],"curies":[{"name":"wp","href":"https:\/\/api.w.org\/{rel}","templated":true}]}}