{"id":2456,"date":"2024-06-11T11:50:55","date_gmt":"2024-06-11T04:50:55","guid":{"rendered":"https:\/\/visante.vn\/?post_type=product&#038;p=2456"},"modified":"2024-09-05T10:21:52","modified_gmt":"2024-09-05T03:21:52","slug":"dau-xa-thao-duoc-suon-muot-bong-benh","status":"publish","type":"product","link":"https:\/\/visante.vn\/en\/herbal-conditioner-for-smooth-and-voluminous-hair-500ml\/","title":{"rendered":"Herbal Conditioner for Smooth and Voluminous Hair &#8211; 500ml"},"content":{"rendered":"<p><span style=\"color: #292929; font-family: Inter, sans-serif; background-color: #ffffff;\">D\u1ea7u x\u1ea3 th\u1ea3o d\u01b0\u1ee3c su\u00f4n m\u01b0\u1ee3t b\u1ed3ng b\u1ec1nh c\u1ee7a visante gi\u00fap ph\u1ee5c h\u1ed3i t\u00f3c, gi\u00fap b\u1ea3o v\u1ec7, d\u01b0\u1ee1ng \u1ea9m &amp; gi\u1ea3m r\u1ed1i cho t\u00f3c, gi\u00fap m\u00e1i t\u00f3c b\u1ea1n tr\u00f4ng d\u00e0y, \u00f3ng \u1ea3 v\u00e0 su\u00f4n m\u01b0\u1ee3t h\u01a1n.<\/span><\/p>\n<div id=\"eJOY__extension_root\" class=\"eJOY__extension_root_class\" style=\"all: unset;\">\u00a0<\/div>\n","protected":false},"excerpt":{"rendered":"<p>D\u1ea7u x\u1ea3 th\u1ea3o d\u01b0\u1ee3c su\u00f4n m\u01b0\u1ee3t b\u1ed3ng b\u1ec1nh c\u1ee7a visante gi\u00fap ph\u1ee5c h\u1ed3i t\u00f3c, gi\u00fap b\u1ea3o v\u1ec7, d\u01b0\u1ee1ng \u1ea9m &amp; gi\u1ea3m r\u1ed1i cho t\u00f3c, gi\u00fap m\u00e1i t\u00f3c b\u1ea1n tr\u00f4ng d\u00e0y, \u00f3ng \u1ea3 v\u00e0 su\u00f4n m\u01b0\u1ee3t h\u01a1n. \u00a0<\/p>\n","protected":false},"featured_media":7222,"comment_status":"open","ping_status":"closed","template":"","meta":[],"product_cat":[76,73,72],"product_tag":[],"acf":[],"_links":{"self":[{"href":"https:\/\/visante.vn\/en\/wp-json\/wp\/v2\/product\/2456"}],"collection":[{"href":"https:\/\/visante.vn\/en\/wp-json\/wp\/v2\/product"}],"about":[{"href":"https:\/\/visante.vn\/en\/wp-json\/wp\/v2\/types\/product"}],"replies":[{"embeddable":true,"href":"https:\/\/visante.vn\/en\/wp-json\/wp\/v2\/comments?post=2456"}],"wp:featuredmedia":[{"embeddable":true,"href":"https:\/\/visante.vn\/en\/wp-json\/wp\/v2\/media\/7222"}],"wp:attachment":[{"href":"https:\/\/visante.vn\/en\/wp-json\/wp\/v2\/media?parent=2456"}],"wp:term":[{"taxonomy":"product_cat","embeddable":true,"href":"https:\/\/visante.vn\/en\/wp-json\/wp\/v2\/product_cat?post=2456"},{"taxonomy":"product_tag","embeddable":true,"href":"https:\/\/visante.vn\/en\/wp-json\/wp\/v2\/product_tag?post=2456"}],"curies":[{"name":"wp","href":"https:\/\/api.w.org\/{rel}","templated":true}]}}